{"id":1156,"date":"2018-11-12T15:20:48","date_gmt":"2018-11-12T15:20:48","guid":{"rendered":"https:\/\/swissdirects.com\/nextcorpbeta\/private-events\/"},"modified":"2019-02-06T11:45:57","modified_gmt":"2019-02-06T11:45:57","slug":"private-events","status":"publish","type":"page","link":"https:\/\/nextcorp.ch\/fr\/evenements-prives\/","title":{"rendered":"\u00c9v\u00e9nements priv\u00e9s"},"content":{"rendered":"","protected":false},"excerpt":{"rendered":"","protected":false},"author":1,"featured_media":0,"parent":0,"menu_order":0,"comment_status":"closed","ping_status":"closed","template":"","meta":[],"_links":{"self":[{"href":"https:\/\/nextcorp.ch\/fr\/wp-json\/wp\/v2\/pages\/1156\/"}],"collection":[{"href":"https:\/\/nextcorp.ch\/fr\/wp-json\/wp\/v2\/pages\/"}],"about":[{"href":"https:\/\/nextcorp.ch\/fr\/wp-json\/wp\/v2\/types\/page\/"}],"author":[{"embeddable":true,"href":"https:\/\/nextcorp.ch\/fr\/wp-json\/wp\/v2\/users\/1\/"}],"replies":[{"embeddable":true,"href":"https:\/\/nextcorp.ch\/fr\/wp-json\/wp\/v2\/comments\/?post=1156"}],"version-history":[{"count":0,"href":"https:\/\/nextcorp.ch\/fr\/wp-json\/wp\/v2\/pages\/1156\/revisions\/"}],"wp:attachment":[{"href":"https:\/\/nextcorp.ch\/fr\/wp-json\/wp\/v2\/media\/?parent=1156"}],"curies":[{"name":"wp","href":"https:\/\/api.w.org\/{rel}","templated":true}]}}